{"id":10027,"date":"2026-01-15T10:52:17","date_gmt":"2026-01-15T10:52:17","guid":{"rendered":"https:\/\/mybrazil.co.uk\/?post_type=product&#038;p=10027"},"modified":"2026-04-21T14:26:21","modified_gmt":"2026-04-21T13:26:21","slug":"sal-de-parrilla-tradicional-300g-oruam","status":"publish","type":"product","link":"https:\/\/mybrazil.co.uk\/en\/shop\/sal-de-parrilla-tradicional-300g-oruam\/","title":{"rendered":"Sal de Parrilla tradicional 300g Oruam"},"content":{"rendered":"<p data-start=\"463\" data-end=\"1044\"><strong data-start=\"463\" data-end=\"506\">Sal de Parrilla Tradicional Oruam 300 g<\/strong> \u00e9 um tempero de sal marinho especialmente formulado para real\u00e7ar o sabor de carnes bovinas, su\u00ednas e de frango em churrascos, grelhados e preparos ao fogo ou na grelha. Com granulometria adequada que favorece a absor\u00e7\u00e3o dos temperos e ajuda a intensificar o sabor sem exagerar na salinidade, este sal parrilla \u00e9 ideal para quem busca ingredientes que valorizem cortes suculentos e receitas tradicionais. Produto de origem brasileira que traz praticidade e sabor cl\u00e1ssico na sua cozinha ou churrasco.<\/p>","protected":false},"excerpt":{"rendered":"<p>Sal de Parrilla Tradicional Oruam 300 g \u00e9 um tempero de sal marinho especialmente formulado para real\u00e7ar o sabor de carnes bovinas, su\u00ednas e de frango em churrascos, grelhados e preparos ao fogo ou na grelha. Com granulometria adequada que favorece a absor\u00e7\u00e3o dos temperos e ajuda a intensificar o sabor sem exagerar na salinidade, [&hellip;]<\/p>","protected":false},"featured_media":10028,"comment_status":"open","ping_status":"closed","template":"","meta":{"_acf_changed":false,"_glsr_average":0,"_glsr_ranking":0,"_glsr_reviews":0},"product_brand":[],"product_cat":[103,41],"product_tag":[],"class_list":{"0":"post-10027","1":"product","2":"type-product","3":"status-publish","4":"has-post-thumbnail","6":"product_cat-churrasco","7":"product_cat-condiments-and-sauce","9":"first","10":"instock","11":"taxable","12":"shipping-taxable","13":"purchasable","14":"product-type-simple"},"acf":[],"_links":{"self":[{"href":"https:\/\/mybrazil.co.uk\/en\/wp-json\/wp\/v2\/product\/10027","targetHints":{"allow":["GET"]}}],"collection":[{"href":"https:\/\/mybrazil.co.uk\/en\/wp-json\/wp\/v2\/product"}],"about":[{"href":"https:\/\/mybrazil.co.uk\/en\/wp-json\/wp\/v2\/types\/product"}],"replies":[{"embeddable":true,"href":"https:\/\/mybrazil.co.uk\/en\/wp-json\/wp\/v2\/comments?post=10027"}],"wp:featuredmedia":[{"embeddable":true,"href":"https:\/\/mybrazil.co.uk\/en\/wp-json\/wp\/v2\/media\/10028"}],"wp:attachment":[{"href":"https:\/\/mybrazil.co.uk\/en\/wp-json\/wp\/v2\/media?parent=10027"}],"wp:term":[{"taxonomy":"product_brand","embeddable":true,"href":"https:\/\/mybrazil.co.uk\/en\/wp-json\/wp\/v2\/product_brand?post=10027"},{"taxonomy":"product_cat","embeddable":true,"href":"https:\/\/mybrazil.co.uk\/en\/wp-json\/wp\/v2\/product_cat?post=10027"},{"taxonomy":"product_tag","embeddable":true,"href":"https:\/\/mybrazil.co.uk\/en\/wp-json\/wp\/v2\/product_tag?post=10027"}],"curies":[{"name":"wp","href":"https:\/\/api.w.org\/{rel}","templated":true}]}}