{"id":10011,"date":"2026-01-13T13:55:07","date_gmt":"2026-01-13T13:55:07","guid":{"rendered":"https:\/\/mybrazil.co.uk\/?post_type=product&#038;p=10011"},"modified":"2026-04-19T13:55:09","modified_gmt":"2026-04-19T12:55:09","slug":"palmito-inteiro-em-lata-425-zaeli","status":"publish","type":"product","link":"https:\/\/mybrazil.co.uk\/en\/shop\/palmito-inteiro-em-lata-425-zaeli\/","title":{"rendered":"Palmito inteiro em lata 425g Zaeli"},"content":{"rendered":"<p><strong data-start=\"479\" data-end=\"536\">Palmito em Rodelas Zaeli 425 g \u2013 Heart of Palm Slices<\/strong> \u00e9 um ingrediente saud\u00e1vel e vers\u00e1til, pronto para consumo ou preparo em diversas receitas. Cortado em rodelas delicadas e conservado em salmoura, o palmito Zaeli oferece textura macia e sabor suave, ideal para saladas, entradas, pratos gelados ou quentes. Rico em fibras e prote\u00ednas vegetais, \u00e9 uma escolha leve e nutritiva para complementar o seu card\u00e1pio di\u00e1rio.<\/p>","protected":false},"excerpt":{"rendered":"<p>Palmito em Rodelas Zaeli 425 g \u2013 Heart of Palm Slices \u00e9 um ingrediente saud\u00e1vel e vers\u00e1til, pronto para consumo ou preparo em diversas receitas. Cortado em rodelas delicadas e conservado em salmoura, o palmito Zaeli oferece textura macia e sabor suave, ideal para saladas, entradas, pratos gelados ou quentes. Rico em fibras e prote\u00ednas [&hellip;]<\/p>","protected":false},"featured_media":10012,"comment_status":"open","ping_status":"closed","template":"","meta":{"_acf_changed":false,"_glsr_average":0,"_glsr_ranking":0,"_glsr_reviews":0},"product_brand":[],"product_cat":[109],"product_tag":[],"class_list":{"0":"post-10011","1":"product","2":"type-product","3":"status-publish","4":"has-post-thumbnail","6":"product_cat-conservas","8":"first","9":"instock","10":"taxable","11":"shipping-taxable","12":"purchasable","13":"product-type-simple"},"acf":[],"_links":{"self":[{"href":"https:\/\/mybrazil.co.uk\/en\/wp-json\/wp\/v2\/product\/10011","targetHints":{"allow":["GET"]}}],"collection":[{"href":"https:\/\/mybrazil.co.uk\/en\/wp-json\/wp\/v2\/product"}],"about":[{"href":"https:\/\/mybrazil.co.uk\/en\/wp-json\/wp\/v2\/types\/product"}],"replies":[{"embeddable":true,"href":"https:\/\/mybrazil.co.uk\/en\/wp-json\/wp\/v2\/comments?post=10011"}],"wp:featuredmedia":[{"embeddable":true,"href":"https:\/\/mybrazil.co.uk\/en\/wp-json\/wp\/v2\/media\/10012"}],"wp:attachment":[{"href":"https:\/\/mybrazil.co.uk\/en\/wp-json\/wp\/v2\/media?parent=10011"}],"wp:term":[{"taxonomy":"product_brand","embeddable":true,"href":"https:\/\/mybrazil.co.uk\/en\/wp-json\/wp\/v2\/product_brand?post=10011"},{"taxonomy":"product_cat","embeddable":true,"href":"https:\/\/mybrazil.co.uk\/en\/wp-json\/wp\/v2\/product_cat?post=10011"},{"taxonomy":"product_tag","embeddable":true,"href":"https:\/\/mybrazil.co.uk\/en\/wp-json\/wp\/v2\/product_tag?post=10011"}],"curies":[{"name":"wp","href":"https:\/\/api.w.org\/{rel}","templated":true}]}}